{"id":104,"date":"2021-03-29T18:25:29","date_gmt":"2021-03-29T18:25:29","guid":{"rendered":"http:\/\/menschzuerst-ktn.at\/?page_id=104"},"modified":"2023-03-20T09:43:05","modified_gmt":"2023-03-20T09:43:05","slug":"was-sind-unsere-ziele","status":"publish","type":"page","link":"http:\/\/menschzuerst-ktn.at\/?page_id=104","title":{"rendered":"Was sind unsere Ziele?"},"content":{"rendered":"\t\t<div data-elementor-type=\"wp-page\" data-elementor-id=\"104\" class=\"elementor elementor-104\" data-elementor-settings=\"[]\">\n\t\t\t\t\t\t\t<div class=\"elementor-section-wrap\">\n\t\t\t\t\t\t\t<section class=\"elementor-section elementor-top-section elementor-element elementor-element-d6417a elementor-section-boxed elementor-section-height-default elementor-section-height-default\" data-id=\"d6417a\" data-element_type=\"section\" data-settings=\"{&quot;ekit_has_onepagescroll_dot&quot;:&quot;yes&quot;}\">\n\t\t\t\t\t\t<div class=\"elementor-container elementor-column-gap-default\">\n\t\t\t\t\t<div class=\"elementor-column elementor-col-100 elementor-top-column elementor-element elementor-element-6989b9c\" data-id=\"6989b9c\" data-element_type=\"column\">\n\t\t\t<div class=\"elementor-widget-wrap elementor-element-populated\">\n\t\t\t\t\t\t\t\t<div class=\"elementor-element elementor-element-3056e83 elementor-widget elementor-widget-text-editor\" data-id=\"3056e83\" data-element_type=\"widget\" data-settings=\"{&quot;ekit_we_effect_on&quot;:&quot;none&quot;}\" data-widget_type=\"text-editor.default\">\n\t\t\t\t<div class=\"elementor-widget-container\">\n\t\t\t\t\t<div class=\"elementor-text-editor elementor-clearfix\"><!-- wp:paragraph -->\n<p>In der UN-Behindertenrechts-Konvention stehen die Rechte von Menschen mit Behinderung.<\/p>\n<!-- \/wp:paragraph --><!-- wp:paragraph -->\n<p>Wir setzen uns f\u00fcr diese Rechte ein.<\/p>\n<!-- \/wp:paragraph --><!-- wp:spacer {\"height\":37} -->\n<div class=\"wp-block-spacer\" style=\"height: 37px;\" aria-hidden=\"true\">\u00a0<\/div>\n<!-- \/wp:spacer --><!-- wp:paragraph -->\n<p>Wir setzen uns f\u00fcr <strong>Barriere-Freiheit<\/strong> ein.<\/p>\n<!-- \/wp:paragraph --><!-- wp:paragraph -->\n<p>Barriere-Freiheit hei\u00dft ohne Hindernisse.<\/p>\n<!-- \/wp:paragraph --><!-- wp:paragraph -->\n<p>Wir wollen weniger Hindernisse in Geb\u00e4uden und im \u00f6ffentlichen Verkehr.<\/p>\n<!-- \/wp:paragraph --><!-- wp:spacer {\"height\":37} -->\n<div class=\"wp-block-spacer\" style=\"height: 37px;\" aria-hidden=\"true\">\u00a0<\/div>\n<!-- \/wp:spacer --><!-- wp:paragraph -->\n<p>F\u00fcr Menschen mit Lern-Schwierigkeiten ist schwere Sprache ein Hindernis.<\/p>\n<!-- \/wp:paragraph --><!-- wp:paragraph -->\n<p>Deshalb ist <strong>leichte Sprache<\/strong> f\u00fcr uns sehr wichtig.<\/p>\n<!-- \/wp:paragraph --><!-- wp:paragraph -->\n<p>Wir wollen Informationen, Dokumente und Vertr\u00e4ge leichter verstehen.<\/p>\n<!-- \/wp:paragraph --><!-- wp:paragraph -->\n<p>Wir brauchen Beratungen in leichter Sprache.<\/p>\n<!-- \/wp:paragraph --><!-- wp:spacer {\"height\":37} -->\n<div class=\"wp-block-spacer\" style=\"height: 37px;\" aria-hidden=\"true\">\u00a0<\/div>\n<!-- \/wp:spacer --><!-- wp:paragraph -->\n<p>Wir setzen uns f\u00fcr <strong>Gleich-Behandlung <\/strong>ein.<\/p>\n<!-- \/wp:paragraph --><!-- wp:paragraph -->\n<p>Alle Menschen sollen \u00fcberall dabei sein und mitmachen k\u00f6nnen.<\/p>\n<!-- \/wp:paragraph --><!-- wp:spacer {\"height\":37} --><!-- \/wp:spacer --><!-- wp:paragraph -->\n<p>Wir sind gegen Diskriminierung.<\/p>\n<!-- \/wp:paragraph --><!-- wp:spacer {\"height\":37} --><!-- \/wp:spacer --><!-- wp:paragraph -->\n<p>Wir wollen eine Begegnung ohne Vorurteile.<\/p>\n<!-- \/wp:paragraph --><!-- wp:spacer {\"height\":37} --><!-- \/wp:spacer --><!-- wp:paragraph -->\n<p>Wir setzen uns f\u00fcr einen respektvollen Umgang ein.<\/p>\n<!-- \/wp:paragraph --><!-- wp:spacer {\"height\":37} --><!-- \/wp:spacer --><!-- wp:paragraph -->\n<p>Wir wollen miteinander und nicht gegeneinander arbeiten.<\/p>\n<!-- \/wp:paragraph --><!-- wp:spacer {\"height\":37} -->\n<div class=\"wp-block-spacer\" style=\"height: 37px;\" aria-hidden=\"true\">\u00a0<\/div>\n<!-- \/wp:spacer --><!-- wp:paragraph -->\n<p>Wir unterst\u00fctzen die <strong>Selbst-Bestimmung<\/strong> in der Freizeit, beim Wohnen und beim Arbeiten.<\/p>\n<!-- \/wp:paragraph --><!-- wp:paragraph -->\n<p>Menschen mit Lernschwierigkeiten sollen so leben k\u00f6nnen wie sie wollen.<\/p>\n<!-- \/wp:paragraph --><!-- wp:spacer {\"height\":37} -->\n<div class=\"wp-block-spacer\" style=\"height: 37px;\" aria-hidden=\"true\">\u00a0<\/div>\n<!-- \/wp:spacer --><!-- wp:paragraph -->\n<p>Wir machen Menschen mit Lern-Schwierigkeiten Mut, damit sie ihren eigenen Weg gehen k\u00f6nnen.<\/p>\n<!-- \/wp:paragraph --><!-- wp:spacer {\"height\":37} -->\n<div class=\"wp-block-spacer\" style=\"height: 37px;\" aria-hidden=\"true\">\u00a0<\/div>\n<!-- \/wp:spacer --><!-- wp:paragraph -->\n<p>Wir setzen uns f\u00fcr <strong>Lohn statt Taschengeld<\/strong> ein. Menschen m\u00fcssen f\u00fcr ihre Arbeit auch gerecht bezahlt werden.<\/p>\n<!-- \/wp:paragraph --><\/div>\n\t\t\t\t<\/div>\n\t\t\t\t<\/div>\n\t\t\t\t\t<\/div>\n\t\t<\/div>\n\t\t\t\t\t\t\t<\/div>\n\t\t<\/section>\n\t\t\t\t\t\t<\/div>\n\t\t\t\t\t<\/div>\n\t\t","protected":false},"excerpt":{"rendered":"<p>In der UN-Behindertenrechts-Konvention stehen die Rechte von Menschen mit Behinderung. Wir setzen uns f\u00fcr diese Rechte ein. Wir setzen uns f\u00fcr Barriere-Freiheit ein. Barriere-Freiheit hei\u00dft ohne Hindernisse. Wir wollen weniger Hindernisse in Geb\u00e4uden und im \u00f6ffentlichen Verkehr. F\u00fcr Menschen mit Lern-Schwierigkeiten ist schwere Sprache ein Hindernis. Deshalb ist leichte Sprache f\u00fcr uns sehr wichtig. Wir [&hellip;]<\/p>\n","protected":false},"author":1,"featured_media":0,"parent":0,"menu_order":0,"comment_status":"closed","ping_status":"closed","template":"","meta":{"footnotes":""},"class_list":["post-104","page","type-page","status-publish","hentry"],"_links":{"self":[{"href":"http:\/\/menschzuerst-ktn.at\/index.php?rest_route=\/wp\/v2\/pages\/104","targetHints":{"allow":["GET"]}}],"collection":[{"href":"http:\/\/menschzuerst-ktn.at\/index.php?rest_route=\/wp\/v2\/pages"}],"about":[{"href":"http:\/\/menschzuerst-ktn.at\/index.php?rest_route=\/wp\/v2\/types\/page"}],"author":[{"embeddable":true,"href":"http:\/\/menschzuerst-ktn.at\/index.php?rest_route=\/wp\/v2\/users\/1"}],"replies":[{"embeddable":true,"href":"http:\/\/menschzuerst-ktn.at\/index.php?rest_route=%2Fwp%2Fv2%2Fcomments&post=104"}],"version-history":[{"count":5,"href":"http:\/\/menschzuerst-ktn.at\/index.php?rest_route=\/wp\/v2\/pages\/104\/revisions"}],"predecessor-version":[{"id":349,"href":"http:\/\/menschzuerst-ktn.at\/index.php?rest_route=\/wp\/v2\/pages\/104\/revisions\/349"}],"wp:attachment":[{"href":"http:\/\/menschzuerst-ktn.at\/index.php?rest_route=%2Fwp%2Fv2%2Fmedia&parent=104"}],"curies":[{"name":"wp","href":"https:\/\/api.w.org\/{rel}","templated":true}]}}